{"id":12305,"date":"2026-01-22T16:45:32","date_gmt":"2026-01-22T16:45:32","guid":{"rendered":"https:\/\/interestzone.shop\/?page_id=12305"},"modified":"2026-01-23T12:48:26","modified_gmt":"2026-01-23T12:48:26","slug":"terms-conditions","status":"publish","type":"page","link":"https:\/\/interestzone.shop\/de\/terms-conditions\/","title":{"rendered":"Bedingungen und Konditionen"},"content":{"rendered":"<div data-elementor-type=\"wp-page\" data-elementor-id=\"12305\" class=\"elementor elementor-12305\" data-elementor-post-type=\"page\">\n\t\t\t\t<div class=\"elementor-element elementor-element-1310f05 e-flex e-con-boxed e-con e-parent\" data-id=\"1310f05\" data-element_type=\"container\" data-settings=\"{&quot;ekit_has_onepagescroll_dot&quot;:&quot;yes&quot;}\">\n\t\t\t\t\t<div class=\"e-con-inner\">\n\t\t\t\t<div class=\"elementor-element elementor-element-d565157 elementor-widget elementor-widget-html\" data-id=\"d565157\" data-element_type=\"widget\" data-settings=\"{&quot;ekit_we_effect_on&quot;:&quot;none&quot;}\" data-widget_type=\"html.default\">\n\t\t\t\t<div class=\"elementor-widget-container\">\n\t\t\t\t\t<section style=\"  max-width: 1100px;  margin: 60px auto;  padding: 60px 40px;  background: #FFF7F3;  border-radius: 16px;  font-family: -apple-system, BlinkMacSystemFont, 'Segoe UI', Roboto, Arial, sans-serif;  color: #333;  line-height: 1.75;\">\r\n\r\n  <!-- \u6807\u9898 -->\r\n  <h1 style=\"    font-size: 40px;    font-weight: 800;    color: #E95D2A;    margin-bottom: 20px;  \">\r\n    Bedingungen und Konditionen\r\n  <\/h1>\r\n\r\n  <p style=\"max-width:900px;margin-bottom:40px;\">\r\n    Indem Sie auf diese Website zugreifen oder sie nutzen, erkl\u00e4ren Sie sich mit den vorliegenden Bedingungen einverstanden.\r\n    Wenn Sie damit nicht einverstanden sind, stellen Sie bitte die Nutzung der Website unverz\u00fcglich ein.\r\n  <\/p>\r\n\r\n  <!-- 1 -->\r\n  <h2 style=\"color:#E95D2A;\">1. Website-Nutzung<\/h2>\r\n  <div style=\"background:#fff;padding:28px;border-radius:14px;box-shadow:0 8px 24px rgba(233,93,42,.12);margin-bottom:40px;\">\r\n    <ul>\r\n      <li>Sie verpflichten sich, diese Website rechtm\u00e4\u00dfig und in gutem Glauben zu nutzen.<\/li>\r\n      <li>Wir behalten uns das Recht vor, Konten, die gegen diese Bedingungen versto\u00dfen, zu sperren oder zu k\u00fcndigen.<\/li>\r\n    <\/ul>\r\n  <\/div>\r\n\r\n  <!-- 2 -->\r\n  <h2 style=\"color:#E95D2A;\">2. Prozess bestellen<\/h2>\r\n  <div style=\"background:#fff;padding:28px;border-radius:14px;box-shadow:0 8px 24px rgba(233,93,42,.12);margin-bottom:40px;\">\r\n    <p>\r\n      Bl\u00e4ttern \u2192 In den Warenkorb \u2192 Zur Kasse gehen \u2192 Bezahlung \u2192 Auftragsbest\u00e4tigung\r\n    <\/p>\r\n    <p>\r\n      Die Auftragsbest\u00e4tigung per E-Mail stellt den Nachweis eines verbindlichen Kaufvertrags dar.\r\n    <\/p>\r\n  <\/div>\r\n\r\n  <!-- 3 -->\r\n  <h2 style=\"color:#E95D2A;\">3. Produkt Beschreibung<\/h2>\r\n  <div style=\"background:#fff;padding:28px;border-radius:14px;box-shadow:0 8px 24px rgba(233,93,42,.12);margin-bottom:40px;\">\r\n    <p>\r\n      Aufgrund von Produktionschargen und Lichtverh\u00e4ltnissen k\u00f6nnen die tats\u00e4chlichen Produkte geringf\u00fcgige\r\n      Abweichungen in Farbe oder Details aufweisen.\r\n    <\/p>\r\n    <p>\r\n      Wenn ein Produkt erheblich von seiner Beschreibung abweicht, k\u00f6nnen Sie eine R\u00fcckgabe beantragen.\r\n    <\/p>\r\n  <\/div>\r\n\r\n  <!-- 4 -->\r\n  <h2 style=\"color:#E95D2A;\">4. Preisanpassungen<\/h2>\r\n  <div style=\"background:#fff;padding:28px;border-radius:14px;box-shadow:0 8px 24px rgba(233,93,42,.12);margin-bottom:40px;\">\r\n    <p>\r\n      Die Aktionspreise sind ab sofort g\u00fcltig. Bereits bezahlte Bestellungen sind von sp\u00e4teren\r\n      von sp\u00e4teren Preis\u00e4nderungen nicht betroffen.\r\n    <\/p>\r\n  <\/div>\r\n\r\n  <!-- 5 -->\r\n  <h2 style=\"color:#E95D2A;\">5. Lieferverpflichtung<\/h2>\r\n  <div style=\"background:#fff;padding:28px;border-radius:14px;box-shadow:0 8px 24px rgba(233,93,42,.12);margin-bottom:40px;\">\r\n    <ul>\r\n      <li>Der Versand der Bestellungen erfolgt innerhalb von <strong>1-2 Arbeitstage<\/strong>.<\/li>\r\n      <li>Die durchschnittliche Lieferzeit betr\u00e4gt <strong>3-7 Tage<\/strong> landesweit (in abgelegenen Gebieten kann es l\u00e4nger dauern).<\/li>\r\n      <li>Etwaige Verz\u00f6gerungen werden proaktiv kommuniziert.<\/li>\r\n    <\/ul>\r\n  <\/div>\r\n\r\n  <!-- 6 -->\r\n  <h2 style=\"color:#E95D2A;\">6. 30 Tage sorgenfreie R\u00fcckgabe und Umtausch<\/h2>\r\n  <div style=\"background:#fff;padding:28px;border-radius:14px;box-shadow:0 8px 24px rgba(233,93,42,.12);margin-bottom:40px;\">\r\n    <ul>\r\n      <li>30 Tage R\u00fcckgabe und Umtausch ohne Angabe von Gr\u00fcnden.<\/li>\r\n      <li>Alle R\u00fccksendekosten werden von uns \u00fcbernommen.<\/li>\r\n      <li>Einfacher Prozess: Support kontaktieren \u2192 Artikel zur\u00fccksenden \u2192 Schnelle R\u00fcckerstattung.<\/li>\r\n    <\/ul>\r\n  <\/div>\r\n\r\n  <!-- 7 -->\r\n  <h2 style=\"color:#E95D2A;\">7. Qualit\u00e4tssicherung<\/h2>\r\n  <div style=\"background:#fff;padding:28px;border-radius:14px;box-shadow:0 8px 24px rgba(233,93,42,.12);margin-bottom:40px;\">\r\n    <p>\r\n      Bei Qualit\u00e4tsproblemen wenden Sie sich bitte umgehend an den Kundendienst.\r\n      Wir werden die volle Verantwortung \u00fcbernehmen.\r\n    <\/p>\r\n  <\/div>\r\n\r\n  <!-- 8 -->\r\n  <h2 style=\"color:#E95D2A;\">8. Umfang der Haftung<\/h2>\r\n  <div style=\"background:#fff;padding:28px;border-radius:14px;box-shadow:0 8px 24px rgba(233,93,42,.12);margin-bottom:40px;\">\r\n    <p>\r\n      Obwohl wir uns um Genauigkeit bem\u00fchen, k\u00f6nnen Fehler auftreten.\r\n      Wir haften nicht f\u00fcr Ereignisse h\u00f6herer Gewalt, die au\u00dferhalb unserer Kontrolle liegen.\r\n    <\/p>\r\n  <\/div>\r\n\r\n  <!-- 9 -->\r\n  <h2 style=\"color:#E95D2A;\">9. Geistiges Eigentum<\/h2>\r\n  <div style=\"background:#fff;padding:28px;border-radius:14px;box-shadow:0 8px 24px rgba(233,93,42,.12);margin-bottom:40px;\">\r\n    <p>\r\n      Der gesamte Inhalt der Website, einschlie\u00dflich der Texte, Bilder und Logos, ist rechtlich gesch\u00fctzt.\r\n      Die unbefugte Nutzung ist verboten.\r\n    <\/p>\r\n  <\/div>\r\n\r\n  <!-- 10 -->\r\n  <h2 style=\"color:#E95D2A;\">10. Datenschutz und Sicherheit<\/h2>\r\n  <p>\r\n    Einzelheiten \u00fcber den Umgang mit personenbezogenen Daten finden Sie in unserer Datenschutzrichtlinie.\r\n    Wir verpflichten uns, Ihre Daten zu sch\u00fctzen.\r\n  <\/p>\r\n\r\n  <!-- 11 -->\r\n  <h2 style=\"color:#E95D2A;\">11. Begriffe Wirksamkeit und Aktualisierungen<\/h2>\r\n  <p>\r\n    Durch die weitere Nutzung dieser Website erkl\u00e4ren Sie sich mit diesen Bedingungen einverstanden.\r\n    Wir behalten uns das Recht vor, sie bei Bedarf zu aktualisieren.\r\n  <\/p>\r\n\r\n  <!-- \u5e95\u90e8\u5f3a\u8c03 -->\r\n  <div style=\"    margin-top:50px;    padding:26px;    background:#FFE2D7;    border-radius:12px;    text-align:center;  \">\r\n    <p style=\"margin:0;font-weight:600;color:#E95D2A;font-size:18px;\">\r\n      Diese Bedingungen sollen sowohl Sie als auch uns sch\u00fctzen und ein faires und transparentes Einkaufserlebnis gew\u00e4hrleisten.\r\n    <\/p>\r\n  <\/div>\r\n\r\n<\/section>\r\n\t\t\t\t<\/div>\n\t\t\t\t<\/div>\n\t\t\t\t\t<\/div>\n\t\t\t\t<\/div>\n\t\t\t\t<\/div>","protected":false},"excerpt":{"rendered":"<p>Terms and Conditions By accessing or using this website, you agree to be bound by these Terms and Conditions. If&#8230;<\/p>","protected":false},"author":1,"featured_media":0,"parent":0,"menu_order":0,"comment_status":"closed","ping_status":"closed","template":"","meta":{"_acf_changed":false,"footnotes":""},"class_list":["post-12305","page","type-page","status-publish","hentry"],"acf":[],"_links":{"self":[{"href":"https:\/\/interestzone.shop\/de\/wp-json\/wp\/v2\/pages\/12305","targetHints":{"allow":["GET"]}}],"collection":[{"href":"https:\/\/interestzone.shop\/de\/wp-json\/wp\/v2\/pages"}],"about":[{"href":"https:\/\/interestzone.shop\/de\/wp-json\/wp\/v2\/types\/page"}],"author":[{"embeddable":true,"href":"https:\/\/interestzone.shop\/de\/wp-json\/wp\/v2\/users\/1"}],"replies":[{"embeddable":true,"href":"https:\/\/interestzone.shop\/de\/wp-json\/wp\/v2\/comments?post=12305"}],"version-history":[{"count":10,"href":"https:\/\/interestzone.shop\/de\/wp-json\/wp\/v2\/pages\/12305\/revisions"}],"predecessor-version":[{"id":12476,"href":"https:\/\/interestzone.shop\/de\/wp-json\/wp\/v2\/pages\/12305\/revisions\/12476"}],"wp:attachment":[{"href":"https:\/\/interestzone.shop\/de\/wp-json\/wp\/v2\/media?parent=12305"}],"curies":[{"name":"wp","href":"https:\/\/api.w.org\/{rel}","templated":true}]}}