{"id":12291,"date":"2026-01-22T16:39:14","date_gmt":"2026-01-22T16:39:14","guid":{"rendered":"https:\/\/interestzone.shop\/?page_id=12291"},"modified":"2026-01-23T12:48:11","modified_gmt":"2026-01-23T12:48:11","slug":"delivery-information","status":"publish","type":"page","link":"https:\/\/interestzone.shop\/de\/delivery-information\/","title":{"rendered":"Informationen zur Lieferung"},"content":{"rendered":"<div data-elementor-type=\"wp-page\" data-elementor-id=\"12291\" class=\"elementor elementor-12291\" data-elementor-post-type=\"page\">\n\t\t\t\t<div class=\"elementor-element elementor-element-e967f25 e-flex e-con-boxed e-con e-parent\" data-id=\"e967f25\" data-element_type=\"container\" data-settings=\"{&quot;ekit_has_onepagescroll_dot&quot;:&quot;yes&quot;}\">\n\t\t\t\t\t<div class=\"e-con-inner\">\n\t\t\t\t<div class=\"elementor-element elementor-element-03cc1e7 elementor-widget elementor-widget-html\" data-id=\"03cc1e7\" data-element_type=\"widget\" data-settings=\"{&quot;ekit_we_effect_on&quot;:&quot;none&quot;}\" data-widget_type=\"html.default\">\n\t\t\t\t<div class=\"elementor-widget-container\">\n\t\t\t\t\t<section style=\"  max-width: 1100px;  margin: 60px auto;  padding: 60px 40px;  background: #FFF7F3;  border-radius: 16px;  font-family: -apple-system, BlinkMacSystemFont, 'Segoe UI', Roboto, Arial, sans-serif;  color: #333;\">\r\n\r\n  <!-- \u6807\u9898 -->\r\n  <h1 style=\"    font-size: 40px;    font-weight: 800;    color: #E95D2A;    margin-bottom: 40px;  \">\r\n    Versand &amp; R\u00fcckgabebedingungen\r\n  <\/h1>\r\n\r\n  <!-- Shipping Information -->\r\n  <div style=\"margin-bottom: 50px;\">\r\n    <h2 style=\"      font-size: 28px;      font-weight: 700;      color: #E95D2A;      margin-bottom: 20px;    \">\r\n      \ud83d\ude9a Versandinformationen\r\n    <\/h2>\r\n\r\n    <div style=\"      background: #fff;      padding: 32px;      border-radius: 14px;      box-shadow: 0 8px 24px rgba(233, 93, 42, 0.12);    \">\r\n\r\n      <p><strong>Bearbeitungszeit:<\/strong> Nach erfolgreicher Zahlung verpacken und versenden wir Ihre Bestellung innerhalb von <strong>1-2 Arbeitstage<\/strong> (au\u00dfer an Feiertagen).<\/p>\r\n\r\n      <p><strong>Gesch\u00e4tzte Lieferfrist:<\/strong> Die durchschnittliche landesweite Lieferfrist betr\u00e4gt <strong>3-7 Tage<\/strong>. Abgelegene Gebiete k\u00f6nnen Folgendes erfordern <strong>5-7 Tage<\/strong>. Wir bevorzugen stets zuverl\u00e4ssige Logistikanbieter.<\/p>\r\n\r\n      <p><strong>Logistische Verfolgung:<\/strong> Sobald Ihre Bestellung versandt wurde, erhalten Sie eine Tracking-Nummer, mit der Sie den Status Ihrer Lieferung in Echtzeit verfolgen k\u00f6nnen.<\/p>\r\n\r\n      <p><strong>Versandpolitik:<\/strong> F\u00fcr Bestellungen, die einen bestimmten Betrag \u00fcberschreiten, gelten folgende Bedingungen <strong>kostenloser Versand<\/strong>.  \r\n      Bei Bestellungen, die unter dem Mindestbetrag liegen, fallen angemessene Versandgeb\u00fchren an (Einzelheiten finden Sie auf der Seite \"Kasse\").<\/p>\r\n\r\n    <\/div>\r\n  <\/div>\r\n\r\n  <!-- Return & Exchange Policy -->\r\n  <div>\r\n    <h2 style=\"      font-size: 28px;      font-weight: 700;      color: #E95D2A;      margin-bottom: 20px;    \">\r\n      \ud83d\udd04 R\u00fcckgabe- und Umtauschbestimmungen\r\n    <\/h2>\r\n\r\n    <div style=\"      background: #fff;      padding: 32px;      border-radius: 14px;      box-shadow: 0 8px 24px rgba(233, 93, 42, 0.12);    \">\r\n\r\n      <p><strong>R\u00fcckgabefrist:<\/strong> Wir unterst\u00fctzen <strong>30 Tage R\u00fcckgabe und Umtausch ohne Angabe von Gr\u00fcnden<\/strong>, gerechnet ab dem Datum des Eingangs.<\/p>\r\n\r\n      <p><strong>R\u00fcckgabebedingungen:<\/strong><\/p>\r\n      <ul style=\"padding-left: 20px; line-height: 1.7;\">\r\n        <li>Die Produkte m\u00fcssen unbenutzt, unbesch\u00e4digt und in der Originalverpackung sein.<\/li>\r\n        <li>Die Originalrechnung und s\u00e4mtliches Zubeh\u00f6r m\u00fcssen beigef\u00fcgt werden.<\/li>\r\n      <\/ul>\r\n\r\n      <p><strong>Versandkosten:<\/strong> Bei grundlosen R\u00fcckgaben decken wir die <strong>Kosten f\u00fcr Hin- und R\u00fccktransport<\/strong>.<\/p>\r\n\r\n      <p><strong>Fragen der Qualit\u00e4t:<\/strong> Wenn das Produkt ein Qualit\u00e4tsproblem hat, werden wir eine <strong>kostenloser Ersatz oder volle R\u00fcckerstattung<\/strong>.<\/p>\r\n\r\n      <p><strong>Erstattungsverfahren:<\/strong><\/p>\r\n      <ol style=\"padding-left: 20px; line-height: 1.7;\">\r\n        <li>Wenden Sie sich an den Kundendienst, um einen R\u00fcckgabeantrag zu stellen.<\/li>\r\n        <li>Wir werden Ihnen eine R\u00fccksendeadresse und ein vorausbezahltes Etikett zur Verf\u00fcgung stellen.<\/li>\r\n        <li>Nach Pr\u00fcfung und Best\u00e4tigung wird die Erstattung auf die urspr\u00fcngliche Zahlungsmethode innerhalb von <strong>1-3 Arbeitstage<\/strong>.<\/li>\r\n      <\/ol>\r\n\r\n    <\/div>\r\n  <\/div>\r\n\r\n  <!-- \u5e95\u90e8\u5f3a\u8c03 -->\r\n  <div style=\"    margin-top: 50px;    padding: 28px;    background: #FFE2D7;    border-radius: 12px;    text-align: center;  \">\r\n    <p style=\"      font-size: 18px;      margin: 0;      font-weight: 600;      color: #E95D2A;    \">\r\n      Wir sind bestrebt, Ihnen ein sicheres, schnelles und sorgenfreies Einkaufserlebnis zu bieten.\r\n    <\/p>\r\n    <p style=\"margin-top: 10px;\">\r\n      Wenn Sie Fragen haben, wenden Sie sich bitte an unseren Kundendienst.\r\n    <\/p>\r\n  <\/div>\r\n\r\n<\/section>\r\n\t\t\t\t<\/div>\n\t\t\t\t<\/div>\n\t\t\t\t\t<\/div>\n\t\t\t\t<\/div>\n\t\t\t\t<\/div>","protected":false},"excerpt":{"rendered":"<p>Shipping &#038; Return Policy \ud83d\ude9a Shipping Information Processing Time: After successful payment, we will pack and ship your order within&#8230;<\/p>","protected":false},"author":1,"featured_media":0,"parent":0,"menu_order":0,"comment_status":"closed","ping_status":"closed","template":"","meta":{"_acf_changed":false,"footnotes":""},"class_list":["post-12291","page","type-page","status-publish","hentry"],"acf":[],"_links":{"self":[{"href":"https:\/\/interestzone.shop\/de\/wp-json\/wp\/v2\/pages\/12291","targetHints":{"allow":["GET"]}}],"collection":[{"href":"https:\/\/interestzone.shop\/de\/wp-json\/wp\/v2\/pages"}],"about":[{"href":"https:\/\/interestzone.shop\/de\/wp-json\/wp\/v2\/types\/page"}],"author":[{"embeddable":true,"href":"https:\/\/interestzone.shop\/de\/wp-json\/wp\/v2\/users\/1"}],"replies":[{"embeddable":true,"href":"https:\/\/interestzone.shop\/de\/wp-json\/wp\/v2\/comments?post=12291"}],"version-history":[{"count":11,"href":"https:\/\/interestzone.shop\/de\/wp-json\/wp\/v2\/pages\/12291\/revisions"}],"predecessor-version":[{"id":12470,"href":"https:\/\/interestzone.shop\/de\/wp-json\/wp\/v2\/pages\/12291\/revisions\/12470"}],"wp:attachment":[{"href":"https:\/\/interestzone.shop\/de\/wp-json\/wp\/v2\/media?parent=12291"}],"curies":[{"name":"wp","href":"https:\/\/api.w.org\/{rel}","templated":true}]}}